{"id":465,"date":"2020-11-19T10:23:48","date_gmt":"2020-11-19T10:23:48","guid":{"rendered":"http:\/\/www.remihub.at\/?page_id=465"},"modified":"2020-12-03T10:48:19","modified_gmt":"2020-12-03T10:48:19","slug":"finalist-bei-den-innovation-in-politics-awards-2020","status":"publish","type":"page","link":"https:\/\/www.remihub.at\/?page_id=465","title":{"rendered":"Innovation in Politics Awards 2020"},"content":{"rendered":"\n<h4>RemiHub gewinnt den Innovation in Politics Awards in der Kategorie \u201eQuality of Life\u201c<\/h4>\n\n\n\n<p>Unser Forschungsprojekt <a href=\"https:\/\/www.remihub.at\/\" target=\"_blank\" rel=\"noreferrer noopener\">RemiHub zur urbanen G\u00fcterlogistik<\/a>&nbsp; wurde heute bei den internationalen Innovation in Politics Awards 2020 zum Gewinner in der Kategorie \u201eQuality of Life\u201c gek\u00fcrt. Damit konnte sich unter den weltweit mehr als 400 Einreichungen erstmals ein \u00f6sterreichisches Projekt durchsetzen. F\u00fcr uns ist diese Auszeichnung eine besondere Ehre, weil wir die Ziele des Awards, politische Innovationen zu f\u00f6rdern, gerade jetzt als h\u00f6chst relevant erachten. RemiHub zeigt klar auf, dass es Zeit ist, die Rollen wichtiger Stakeholder neu zu denken und neue Kooperationen einzugehen, wenn es darum geht klimaschonenden G\u00fcterverkehr in der Stadt entschieden voranzutreiben.<\/p>\n\n\n\n<p>Als Projektleitung danken wir dem wunderbaren RemiHub Projektteam, den <a rel=\"noreferrer noopener\" href=\"https:\/\/www.wienerlinien.at\/\" target=\"_blank\">Wiener Linien<\/a>, der <a rel=\"noreferrer noopener\" href=\"https:\/\/ivs.tuwien.ac.at\/home\/\" target=\"_blank\">TU Wien \/ IVS<\/a> und <a rel=\"noreferrer noopener\" href=\"https:\/\/heavypedals.at\/\" target=\"_blank\">Heavy Pedals<\/a>. Weiters unseren F\u00f6rdergebern <a rel=\"noreferrer noopener\" href=\"https:\/\/www.bmk.gv.at\/\" target=\"_blank\">BMK<\/a> und <a rel=\"noreferrer noopener\" href=\"https:\/\/www.ffg.at\/\" target=\"_blank\">FFG<\/a> sowie unseren KooperationspartnerInnen <a rel=\"noreferrer noopener\" href=\"https:\/\/www.dpd.com\/at\/de\/\" target=\"_blank\">DPD<\/a>, <a rel=\"noreferrer noopener\" href=\"http:\/\/logistik.fms.co.at\/\" target=\"_blank\">FMS Frischelogistik<\/a>, <a rel=\"noreferrer noopener\" href=\"https:\/\/www.thinkportvienna.at\/\" target=\"_blank\">Thinkport Vienna<\/a> und <a rel=\"noreferrer noopener\" href=\"https:\/\/www.mobillab.wien\/\" target=\"_blank\">aspern.mobil LAB<\/a>.<\/p>\n\n\n\n<figure class=\"wp-block-embed-youtube wp-block-embed is-type-video is-provider-youtube wp-embed-aspect-16-9 wp-has-aspect-ratio\"><div class=\"wp-block-embed__wrapper\">\n<iframe title=\"Winner Quality of Life: #PoliticsAwards2020\" width=\"835\" height=\"470\" src=\"https:\/\/www.youtube.com\/embed\/GSedxDYDWZ8?feature=oembed\" frameborder=\"0\" allow=\"accelerometer; autoplay; clipboard-write; encrypted-media; gyroscope; picture-in-picture\" allowfullscreen><\/iframe>\n<\/div><\/figure>\n\n\n\n<p>Hier finden Sie n\u00e4here Infos: <a href=\"https:\/\/innovationinpolitics.eu\/en\/best-practice\/remihub-inner-city-delivery-hubs\/\" target=\"_blank\" rel=\"noreferrer noopener\">Innovation in Politics Award 2020<\/a><\/p>\n","protected":false},"excerpt":{"rendered":"<p>RemiHub gewinnt den Innovation in Politics Awards in der Kategorie \u201eQuality of Life\u201c Unser Forschungsprojekt RemiHub zur urbanen G\u00fcterlogistik&nbsp; wurde heute bei den internationalen Innovation in Politics Awards 2020 zum Gewinner in der Kategorie \u201eQuality of Life\u201c gek\u00fcrt. Damit konnte sich unter den weltweit mehr als 400 Einreichungen erstmals ein \u00f6sterreichisches Projekt durchsetzen. F\u00fcr uns<\/p>\n<a href=\"https:\/\/www.remihub.at\/?page_id=465\" class=\"btn frontech-btn\"><span><\/span>mehr<\/a>","protected":false},"author":2,"featured_media":473,"parent":0,"menu_order":1,"comment_status":"closed","ping_status":"closed","template":"","meta":{"ngg_post_thumbnail":0},"_links":{"self":[{"href":"https:\/\/www.remihub.at\/index.php?rest_route=\/wp\/v2\/pages\/465"}],"collection":[{"href":"https:\/\/www.remihub.at\/index.php?rest_route=\/wp\/v2\/pages"}],"about":[{"href":"https:\/\/www.remihub.at\/index.php?rest_route=\/wp\/v2\/types\/page"}],"author":[{"embeddable":true,"href":"https:\/\/www.remihub.at\/index.php?rest_route=\/wp\/v2\/users\/2"}],"replies":[{"embeddable":true,"href":"https:\/\/www.remihub.at\/index.php?rest_route=%2Fwp%2Fv2%2Fcomments&post=465"}],"version-history":[{"count":4,"href":"https:\/\/www.remihub.at\/index.php?rest_route=\/wp\/v2\/pages\/465\/revisions"}],"predecessor-version":[{"id":480,"href":"https:\/\/www.remihub.at\/index.php?rest_route=\/wp\/v2\/pages\/465\/revisions\/480"}],"wp:featuredmedia":[{"embeddable":true,"href":"https:\/\/www.remihub.at\/index.php?rest_route=\/wp\/v2\/media\/473"}],"wp:attachment":[{"href":"https:\/\/www.remihub.at\/index.php?rest_route=%2Fwp%2Fv2%2Fmedia&parent=465"}],"curies":[{"name":"wp","href":"https:\/\/api.w.org\/{rel}","templated":true}]}}