{"id":431,"date":"2020-10-05T14:20:39","date_gmt":"2020-10-05T14:20:39","guid":{"rendered":"http:\/\/www.remihub.at\/?page_id=431"},"modified":"2020-12-02T11:10:01","modified_gmt":"2020-12-02T11:10:01","slug":"testbetrieb-stadlau","status":"publish","type":"page","link":"https:\/\/www.remihub.at\/?page_id=431","title":{"rendered":"Testbetrieb Stadlau"},"content":{"rendered":"\n<p>Zwei erfolgreiche Testl\u00e4ufe gab es bereits: einen mit einem Catering-Unternehmen bei einer Stra\u00dfenbahnremise (Herbst 2019) und einen bei einer Busgarage mit dem Paketzustell-Dienstleister DPD (Fr\u00fchjahr 2020).<br>Mit 5. Oktober startet nun der dritte Testlauf: wieder mit DPD und Lastenr\u00e4dern, doch dieses Mal unter der U-Bahn-Trasse bei der U2-Station Stadlau. <br>Die Pakete werden fr\u00fchmorgens vom Paketzusteller zur U-Bahn-Station Stadlau am Hans-Mayr-Platz geliefert. Daf\u00fcr wurde extra ein Container aufgestellt. Ein Fahrer der Firma Heavy Pedals sortiert sie entsprechend der geplanten Route in den Radcontainer und liefert sie mit einem Lastenrad an die Empf\u00e4ngerInnen in der Umgebung aus.<\/p>\n\n\n\n<hr class=\"wp-block-separator\"\/>\n\n\n\n<h4>Eindr\u00fccke vom Testbetrieb<\/h4>\n\n\n\n<p><em>Fotos: Copyright by Wiener Linien \/ Peres<\/em><\/p>\n\n\n\n<!-- default-view.php -->\n<div\n\tclass=\"ngg-galleryoverview default-view \"\n\tid=\"ngg-gallery-5520a3f03e24be5c9e7422129b848f7d-1\">\n\n\t\t<!-- Thumbnails -->\n\t\t\t\t<div id=\"ngg-image-0\" class=\"ngg-gallery-thumbnail-box \" >\n\t\t\t\t        <div class=\"ngg-gallery-thumbnail\">\n            <a href=\"https:\/\/www.remihub.at\/wp-content\/gallery\/testbetrieb_stadlau\/RemihubStadlau-0002.jpg\"\n               title=\"\"\n               data-src=\"https:\/\/www.remihub.at\/wp-content\/gallery\/testbetrieb_stadlau\/RemihubStadlau-0002.jpg\"\n               data-thumbnail=\"https:\/\/www.remihub.at\/wp-content\/gallery\/testbetrieb_stadlau\/thumbs\/thumbs_RemihubStadlau-0002.jpg\"\n               data-image-id=\"15\"\n               data-title=\"RemihubStadlau-0002\"\n               data-description=\"\"\n               data-image-slug=\"remihubstadlau-0002\"\n               class=\"ngg-simplelightbox\" rel=\"5520a3f03e24be5c9e7422129b848f7d\">\n                <img\n                    title=\"RemihubStadlau-0002\"\n                    alt=\"RemihubStadlau-0002\"\n                    src=\"https:\/\/www.remihub.at\/wp-content\/gallery\/testbetrieb_stadlau\/thumbs\/thumbs_RemihubStadlau-0002.jpg\"\n                    width=\"240\"\n                    height=\"160\"\n                    style=\"max-width:100%;\"\n                \/>\n            <\/a>\n        <\/div>\n\t\t\t\t\t\t\t<\/div> \n\t\t\t\n\t\t\t\t<div id=\"ngg-image-1\" class=\"ngg-gallery-thumbnail-box \" >\n\t\t\t\t        <div class=\"ngg-gallery-thumbnail\">\n            <a href=\"https:\/\/www.remihub.at\/wp-content\/gallery\/testbetrieb_stadlau\/RemihubStadlau-0010.jpg\"\n               title=\"\"\n               data-src=\"https:\/\/www.remihub.at\/wp-content\/gallery\/testbetrieb_stadlau\/RemihubStadlau-0010.jpg\"\n               data-thumbnail=\"https:\/\/www.remihub.at\/wp-content\/gallery\/testbetrieb_stadlau\/thumbs\/thumbs_RemihubStadlau-0010.jpg\"\n               data-image-id=\"16\"\n               data-title=\"RemihubStadlau-0010\"\n               data-description=\"\"\n               data-image-slug=\"remihubstadlau-0010\"\n               class=\"ngg-simplelightbox\" rel=\"5520a3f03e24be5c9e7422129b848f7d\">\n                <img\n                    title=\"RemihubStadlau-0010\"\n                    alt=\"RemihubStadlau-0010\"\n                    src=\"https:\/\/www.remihub.at\/wp-content\/gallery\/testbetrieb_stadlau\/thumbs\/thumbs_RemihubStadlau-0010.jpg\"\n                    width=\"240\"\n                    height=\"160\"\n                    style=\"max-width:100%;\"\n                \/>\n            <\/a>\n        <\/div>\n\t\t\t\t\t\t\t<\/div> \n\t\t\t\n\t\t\t\t<div id=\"ngg-image-2\" class=\"ngg-gallery-thumbnail-box \" >\n\t\t\t\t        <div class=\"ngg-gallery-thumbnail\">\n            <a href=\"https:\/\/www.remihub.at\/wp-content\/gallery\/testbetrieb_stadlau\/RemihubStadlau-0037.jpg\"\n               title=\"\"\n               data-src=\"https:\/\/www.remihub.at\/wp-content\/gallery\/testbetrieb_stadlau\/RemihubStadlau-0037.jpg\"\n               data-thumbnail=\"https:\/\/www.remihub.at\/wp-content\/gallery\/testbetrieb_stadlau\/thumbs\/thumbs_RemihubStadlau-0037.jpg\"\n               data-image-id=\"17\"\n               data-title=\"RemihubStadlau-0037\"\n               data-description=\"\"\n               data-image-slug=\"remihubstadlau-0037\"\n               class=\"ngg-simplelightbox\" rel=\"5520a3f03e24be5c9e7422129b848f7d\">\n                <img\n                    title=\"RemihubStadlau-0037\"\n                    alt=\"RemihubStadlau-0037\"\n                    src=\"https:\/\/www.remihub.at\/wp-content\/gallery\/testbetrieb_stadlau\/thumbs\/thumbs_RemihubStadlau-0037.jpg\"\n                    width=\"240\"\n                    height=\"160\"\n                    style=\"max-width:100%;\"\n                \/>\n            <\/a>\n        <\/div>\n\t\t\t\t\t\t\t<\/div> \n\t\t\t\n\t\t\t\t<div id=\"ngg-image-3\" class=\"ngg-gallery-thumbnail-box \" >\n\t\t\t\t        <div class=\"ngg-gallery-thumbnail\">\n            <a href=\"https:\/\/www.remihub.at\/wp-content\/gallery\/testbetrieb_stadlau\/RemihubStadlau-0046.jpg\"\n               title=\"\"\n               data-src=\"https:\/\/www.remihub.at\/wp-content\/gallery\/testbetrieb_stadlau\/RemihubStadlau-0046.jpg\"\n               data-thumbnail=\"https:\/\/www.remihub.at\/wp-content\/gallery\/testbetrieb_stadlau\/thumbs\/thumbs_RemihubStadlau-0046.jpg\"\n               data-image-id=\"18\"\n               data-title=\"RemihubStadlau-0046\"\n               data-description=\"\"\n               data-image-slug=\"remihubstadlau-0046\"\n               class=\"ngg-simplelightbox\" rel=\"5520a3f03e24be5c9e7422129b848f7d\">\n                <img\n                    title=\"RemihubStadlau-0046\"\n                    alt=\"RemihubStadlau-0046\"\n                    src=\"https:\/\/www.remihub.at\/wp-content\/gallery\/testbetrieb_stadlau\/thumbs\/thumbs_RemihubStadlau-0046.jpg\"\n                    width=\"240\"\n                    height=\"160\"\n                    style=\"max-width:100%;\"\n                \/>\n            <\/a>\n        <\/div>\n\t\t\t\t\t\t\t<\/div> \n\t\t\t\n\t\t\t\t<div id=\"ngg-image-4\" class=\"ngg-gallery-thumbnail-box \" >\n\t\t\t\t        <div class=\"ngg-gallery-thumbnail\">\n            <a href=\"https:\/\/www.remihub.at\/wp-content\/gallery\/testbetrieb_stadlau\/RemihubStadlau-0052.jpg\"\n               title=\"\"\n               data-src=\"https:\/\/www.remihub.at\/wp-content\/gallery\/testbetrieb_stadlau\/RemihubStadlau-0052.jpg\"\n               data-thumbnail=\"https:\/\/www.remihub.at\/wp-content\/gallery\/testbetrieb_stadlau\/thumbs\/thumbs_RemihubStadlau-0052.jpg\"\n               data-image-id=\"19\"\n               data-title=\"RemihubStadlau-0052\"\n               data-description=\"\"\n               data-image-slug=\"remihubstadlau-0052\"\n               class=\"ngg-simplelightbox\" rel=\"5520a3f03e24be5c9e7422129b848f7d\">\n                <img\n                    title=\"RemihubStadlau-0052\"\n                    alt=\"RemihubStadlau-0052\"\n                    src=\"https:\/\/www.remihub.at\/wp-content\/gallery\/testbetrieb_stadlau\/thumbs\/thumbs_RemihubStadlau-0052.jpg\"\n                    width=\"240\"\n                    height=\"160\"\n                    style=\"max-width:100%;\"\n                \/>\n            <\/a>\n        <\/div>\n\t\t\t\t\t\t\t<\/div> \n\t\t\t\n\t\t\t\t<div id=\"ngg-image-5\" class=\"ngg-gallery-thumbnail-box \" >\n\t\t\t\t        <div class=\"ngg-gallery-thumbnail\">\n            <a href=\"https:\/\/www.remihub.at\/wp-content\/gallery\/testbetrieb_stadlau\/RemihubStadlau-0074.jpg\"\n               title=\"\"\n               data-src=\"https:\/\/www.remihub.at\/wp-content\/gallery\/testbetrieb_stadlau\/RemihubStadlau-0074.jpg\"\n               data-thumbnail=\"https:\/\/www.remihub.at\/wp-content\/gallery\/testbetrieb_stadlau\/thumbs\/thumbs_RemihubStadlau-0074.jpg\"\n               data-image-id=\"21\"\n               data-title=\"RemihubStadlau-0074\"\n               data-description=\"\"\n               data-image-slug=\"remihubstadlau-0074\"\n               class=\"ngg-simplelightbox\" rel=\"5520a3f03e24be5c9e7422129b848f7d\">\n                <img\n                    title=\"RemihubStadlau-0074\"\n                    alt=\"RemihubStadlau-0074\"\n                    src=\"https:\/\/www.remihub.at\/wp-content\/gallery\/testbetrieb_stadlau\/thumbs\/thumbs_RemihubStadlau-0074.jpg\"\n                    width=\"240\"\n                    height=\"160\"\n                    style=\"max-width:100%;\"\n                \/>\n            <\/a>\n        <\/div>\n\t\t\t\t\t\t\t<\/div> \n\t\t\t\n\t\n\t<br style=\"clear: both\" \/>\n\n\t\n\t\t<!-- Pagination -->\n\t<div class='ngg-clear'><\/div>\t<\/div>\n\n\n\n\n<hr class=\"wp-block-separator\"\/>\n","protected":false},"excerpt":{"rendered":"<p>Zwei erfolgreiche Testl\u00e4ufe gab es bereits: einen mit einem Catering-Unternehmen bei einer Stra\u00dfenbahnremise (Herbst 2019) und einen bei einer Busgarage mit dem Paketzustell-Dienstleister DPD (Fr\u00fchjahr 2020).Mit 5. Oktober startet nun der dritte Testlauf: wieder mit DPD und Lastenr\u00e4dern, doch dieses Mal unter der U-Bahn-Trasse bei der U2-Station Stadlau. Die Pakete werden fr\u00fchmorgens vom Paketzusteller zur<\/p>\n<a href=\"https:\/\/www.remihub.at\/?page_id=431\" class=\"btn frontech-btn\"><span><\/span>mehr<\/a>","protected":false},"author":2,"featured_media":447,"parent":0,"menu_order":2,"comment_status":"closed","ping_status":"closed","template":"","meta":{"ngg_post_thumbnail":0},"_links":{"self":[{"href":"https:\/\/www.remihub.at\/index.php?rest_route=\/wp\/v2\/pages\/431"}],"collection":[{"href":"https:\/\/www.remihub.at\/index.php?rest_route=\/wp\/v2\/pages"}],"about":[{"href":"https:\/\/www.remihub.at\/index.php?rest_route=\/wp\/v2\/types\/page"}],"author":[{"embeddable":true,"href":"https:\/\/www.remihub.at\/index.php?rest_route=\/wp\/v2\/users\/2"}],"replies":[{"embeddable":true,"href":"https:\/\/www.remihub.at\/index.php?rest_route=%2Fwp%2Fv2%2Fcomments&post=431"}],"version-history":[{"count":8,"href":"https:\/\/www.remihub.at\/index.php?rest_route=\/wp\/v2\/pages\/431\/revisions"}],"predecessor-version":[{"id":459,"href":"https:\/\/www.remihub.at\/index.php?rest_route=\/wp\/v2\/pages\/431\/revisions\/459"}],"wp:featuredmedia":[{"embeddable":true,"href":"https:\/\/www.remihub.at\/index.php?rest_route=\/wp\/v2\/media\/447"}],"wp:attachment":[{"href":"https:\/\/www.remihub.at\/index.php?rest_route=%2Fwp%2Fv2%2Fmedia&parent=431"}],"curies":[{"name":"wp","href":"https:\/\/api.w.org\/{rel}","templated":true}]}}